{"id":6837,"date":"2026-03-18T09:56:59","date_gmt":"2026-03-18T08:56:59","guid":{"rendered":"https:\/\/artecortado.com\/?post_type=product&#038;p=6837"},"modified":"2026-03-18T10:40:34","modified_gmt":"2026-03-18T09:40:34","slug":"cartel-para-puerta-de-cocina","status":"publish","type":"product","link":"https:\/\/artecortado.com\/?product=cartel-para-puerta-de-cocina","title":{"rendered":"Cartel para puerta de cocina"},"content":{"rendered":"<p class=\"isSelectedEnd\">Su acabado fino resalta sobre cualquier tipo de puerta, convirti\u00e9ndolo no solo en una se\u00f1alizaci\u00f3n funcional, sino tambi\u00e9n en un elemento decorativo \u00fanico. Ideal para cocinas, restaurantes, cafeter\u00edas o espacios gastron\u00f3micos.<\/p>\n<p class=\"isSelectedEnd\">\u2714 Material resistente y duradero<br \/>\n\u2714 Dise\u00f1o elegante y f\u00e1cil de combinar<br \/>\n\u2714 Instalaci\u00f3n sencilla.<\/p>\n<p class=\"isSelectedEnd\">Haz que cada detalle cuente y transforma tus espacios con este hermoso cartel \ud83d\udc9b<\/p>\n<p>&nbsp;<\/p>\n","protected":false},"excerpt":{"rendered":"<p>Cartel decorativo para puerta con la palabra \u201cCocina\u201d con un dise\u00f1o elegante que incluye un bonito gorro de chef \ud83d\udc68\u200d\ud83c\udf73. Perfecto para darle ese toque c\u00e1lido, moderno y acogedor a tu hogar o negocio.<\/p>\n<ul>\n<li>Realizado en MDF de 3 mm<\/li>\n<li>Se env\u00eda en color natural del MDF o puedes elegir color, te lo pintamos gratis.<\/li>\n<li>La medida es standart para cualquier puerta simple, est\u00e1 realizado en el tama\u00f1o \u00f3ptimo, si lo deseas modificar ponlo en el cuadro de texto incluido con el color.<\/li>\n<\/ul>\n","protected":false},"featured_media":6841,"comment_status":"open","ping_status":"closed","template":"","meta":{"_uag_custom_page_level_css":"","site-sidebar-layout":"default","site-content-layout":"","ast-site-content-layout":"default","site-content-style":"default","site-sidebar-style":"default","ast-global-header-display":"","ast-banner-title-visibility":"","ast-main-header-display":"","ast-hfb-above-header-display":"","ast-hfb-below-header-display":"","ast-hfb-mobile-header-display":"","site-post-title":"","ast-breadcrumbs-content":"","ast-featured-img":"","footer-sml-layout":"","ast-disable-related-posts":"","theme-transparent-header-meta":"default","adv-header-id-meta":"","stick-header-meta":"","header-above-stick-meta":"","header-main-stick-meta":"","header-below-stick-meta":"","astra-migrate-meta-layouts":"set","ast-page-background-enabled":"default","ast-page-background-meta":{"desktop":{"background-color":"","background-image":"","background-repeat":"repeat","background-position":"center center","background-size":"auto","background-attachment":"scroll","background-type":"","background-media":"","overlay-type":"","overlay-color":"","overlay-opacity":"","overlay-gradient":""},"tablet":{"background-color":"","background-image":"","background-repeat":"repeat","background-position":"center center","background-size":"auto","background-attachment":"scroll","background-type":"","background-media":"","overlay-type":"","overlay-color":"","overlay-opacity":"","overlay-gradient":""},"mobile":{"background-color":"","background-image":"","background-repeat":"repeat","background-position":"center center","background-size":"auto","background-attachment":"scroll","background-type":"","background-media":"","overlay-type":"","overlay-color":"","overlay-opacity":"","overlay-gradient":""}},"ast-content-background-meta":{"desktop":{"background-color":"var(--ast-global-color-5)","background-image":"","background-repeat":"repeat","background-position":"center center","background-size":"auto","background-attachment":"scroll","background-type":"","background-media":"","overlay-type":"","overlay-color":"","overlay-opacity":"","overlay-gradient":""},"tablet":{"background-color":"var(--ast-global-color-5)","background-image":"","background-repeat":"repeat","background-position":"center center","background-size":"auto","background-attachment":"scroll","background-type":"","background-media":"","overlay-type":"","overlay-color":"","overlay-opacity":"","overlay-gradient":""},"mobile":{"background-color":"var(--ast-global-color-5)","background-image":"","background-repeat":"repeat","background-position":"center center","background-size":"auto","background-attachment":"scroll","background-type":"","background-media":"","overlay-type":"","overlay-color":"","overlay-opacity":"","overlay-gradient":""}}},"product_brand":[33],"product_cat":[32,36,15],"product_tag":[],"class_list":{"0":"post-6837","1":"product","2":"type-product","3":"status-publish","4":"has-post-thumbnail","6":"product_brand-arte-cortado","7":"product_cat-hogar","8":"product_cat-senalizacion-y-carteleria","9":"product_cat-sin-categorizar","10":"product_shipping_class-normal-tienda","11":"desktop-align-center","12":"tablet-align-center","13":"mobile-align-center","15":"first","16":"instock","17":"taxable","18":"shipping-taxable","19":"purchasable","20":"product-type-simple"},"uagb_featured_image_src":{"full":["https:\/\/artecortado.com\/wp-content\/uploads\/2026\/03\/Diseno-sin-titulo-7.png",1000,1000,false],"thumbnail":["https:\/\/artecortado.com\/wp-content\/uploads\/2026\/03\/Diseno-sin-titulo-7-150x150.png",150,150,true],"medium":["https:\/\/artecortado.com\/wp-content\/uploads\/2026\/03\/Diseno-sin-titulo-7-300x300.png",300,300,true],"medium_large":["https:\/\/artecortado.com\/wp-content\/uploads\/2026\/03\/Diseno-sin-titulo-7-768x768.png",768,768,true],"large":["https:\/\/artecortado.com\/wp-content\/uploads\/2026\/03\/Diseno-sin-titulo-7.png",1000,1000,false],"1536x1536":["https:\/\/artecortado.com\/wp-content\/uploads\/2026\/03\/Diseno-sin-titulo-7.png",1000,1000,false],"2048x2048":["https:\/\/artecortado.com\/wp-content\/uploads\/2026\/03\/Diseno-sin-titulo-7.png",1000,1000,false],"woocommerce_thumbnail":["https:\/\/artecortado.com\/wp-content\/uploads\/2026\/03\/Diseno-sin-titulo-7-300x300.png",300,300,true],"woocommerce_single":["https:\/\/artecortado.com\/wp-content\/uploads\/2026\/03\/Diseno-sin-titulo-7-600x600.png",600,600,true],"woocommerce_gallery_thumbnail":["https:\/\/artecortado.com\/wp-content\/uploads\/2026\/03\/Diseno-sin-titulo-7-100x100.png",100,100,true]},"uagb_author_info":{"display_name":"artecortado","author_link":"https:\/\/artecortado.com\/?author=0"},"uagb_comment_info":0,"uagb_excerpt":"Cartel decorativo para puerta con la palabra \u201cCocina\u201d con un dise\u00f1o elegante que incluye un bonito gorro de chef \ud83d\udc68\u200d\ud83c\udf73. Perfecto para darle ese toque c\u00e1lido, moderno y acogedor a tu hogar o negocio. Realizado en MDF de 3 mm Se env\u00eda en color natural del MDF o puedes elegir color, te lo pintamos gratis.&hellip;","_links":{"self":[{"href":"https:\/\/artecortado.com\/index.php?rest_route=\/wp\/v2\/product\/6837","targetHints":{"allow":["GET"]}}],"collection":[{"href":"https:\/\/artecortado.com\/index.php?rest_route=\/wp\/v2\/product"}],"about":[{"href":"https:\/\/artecortado.com\/index.php?rest_route=\/wp\/v2\/types\/product"}],"replies":[{"embeddable":true,"href":"https:\/\/artecortado.com\/index.php?rest_route=%2Fwp%2Fv2%2Fcomments&post=6837"}],"wp:featuredmedia":[{"embeddable":true,"href":"https:\/\/artecortado.com\/index.php?rest_route=\/wp\/v2\/media\/6841"}],"wp:attachment":[{"href":"https:\/\/artecortado.com\/index.php?rest_route=%2Fwp%2Fv2%2Fmedia&parent=6837"}],"wp:term":[{"taxonomy":"product_brand","embeddable":true,"href":"https:\/\/artecortado.com\/index.php?rest_route=%2Fwp%2Fv2%2Fproduct_brand&post=6837"},{"taxonomy":"product_cat","embeddable":true,"href":"https:\/\/artecortado.com\/index.php?rest_route=%2Fwp%2Fv2%2Fproduct_cat&post=6837"},{"taxonomy":"product_tag","embeddable":true,"href":"https:\/\/artecortado.com\/index.php?rest_route=%2Fwp%2Fv2%2Fproduct_tag&post=6837"}],"curies":[{"name":"wp","href":"https:\/\/api.w.org\/{rel}","templated":true}]}}