{"id":6832,"date":"2026-03-14T17:59:26","date_gmt":"2026-03-14T16:59:26","guid":{"rendered":"https:\/\/artecortado.com\/?post_type=product&#038;p=6832"},"modified":"2026-03-14T17:59:27","modified_gmt":"2026-03-14T16:59:27","slug":"llavero-con-qr","status":"publish","type":"product","link":"https:\/\/artecortado.com\/?product=llavero-con-qr","title":{"rendered":"Llavero con QR"},"content":{"rendered":"<p data-start=\"103\" data-end=\"302\">Nuestro llavero QR es una forma elegante y pr\u00e1ctica de identificar o recordar a una persona especial. Con un dise\u00f1o <strong data-start=\"230\" data-end=\"256\">circular y minimalista<\/strong>, cada pieza se fabrica cuidando cada detalle.<\/p>\n","protected":false},"excerpt":{"rendered":"<p data-start=\"606\" data-end=\"620\">En la parte frontal se graba el nombre de la persona acompa\u00f1ado de un s\u00edmbolo, creando un dise\u00f1o \u00fanico y personal. En la parte trasera se incorpora un c\u00f3digo QR, que permite acceder f\u00e1cilmente a informaci\u00f3n, redes sociales, contacto, un recuerdo digital o cualquier enlace que desees.<\/p>\n<p data-start=\"606\" data-end=\"620\">Es ideal para:<\/p>\n<ul data-start=\"621\" data-end=\"754\">\n<li data-section-id=\"62gv2e\" data-start=\"621\" data-end=\"662\">\n<p data-start=\"623\" data-end=\"662\">Identificaci\u00f3n personal o profesional<\/p>\n<\/li>\n<li data-section-id=\"1hv7k65\" data-start=\"663\" data-end=\"675\">\n<p data-start=\"665\" data-end=\"675\">Mascotas<\/p>\n<\/li>\n<li data-section-id=\"bzg3lp\" data-start=\"676\" data-end=\"710\">\n<p data-start=\"678\" data-end=\"710\">Eventos y recuerdos especiales<\/p>\n<\/li>\n<li data-section-id=\"lkvw9b\" data-start=\"711\" data-end=\"754\">\n<p data-start=\"713\" data-end=\"754\">Acceso r\u00e1pido a informaci\u00f3n mediante QR<\/p>\n<\/li>\n<\/ul>\n<p data-start=\"756\" data-end=\"776\"><strong data-start=\"756\" data-end=\"776\">Caracter\u00edsticas:<\/strong><\/p>\n<ul data-start=\"777\" data-end=\"936\">\n<li data-section-id=\"9cuzvt\" data-start=\"777\" data-end=\"805\">\n<p data-start=\"779\" data-end=\"805\">Dise\u00f1o circular elegante<\/p>\n<\/li>\n<li data-section-id=\"q0feve\" data-start=\"806\" data-end=\"852\">\n<p data-start=\"808\" data-end=\"852\">Grabado personalizado con nombre y s\u00edmbolo<\/p>\n<\/li>\n<li data-section-id=\"6bu5wz\" data-start=\"853\" data-end=\"896\">\n<p data-start=\"855\" data-end=\"896\">C\u00f3digo QR funcional en la parte trasera<\/p>\n<\/li>\n<li data-section-id=\"1dpph0t\" data-start=\"897\" data-end=\"936\">\n<p data-start=\"899\" data-end=\"936\">Acceso r\u00e1pido a informaci\u00f3n digital<\/p>\n<\/li>\n<\/ul>\n<p data-start=\"938\" data-end=\"1030\">Una soluci\u00f3n moderna que combina <strong data-start=\"971\" data-end=\"1011\">personalizaci\u00f3n, tecnolog\u00eda y estilo<\/strong> en una sola pieza.<\/p>\n","protected":false},"featured_media":6828,"comment_status":"open","ping_status":"closed","template":"","meta":{"_uag_custom_page_level_css":"","site-sidebar-layout":"default","site-content-layout":"","ast-site-content-layout":"default","site-content-style":"default","site-sidebar-style":"default","ast-global-header-display":"","ast-banner-title-visibility":"","ast-main-header-display":"","ast-hfb-above-header-display":"","ast-hfb-below-header-display":"","ast-hfb-mobile-header-display":"","site-post-title":"","ast-breadcrumbs-content":"","ast-featured-img":"","footer-sml-layout":"","ast-disable-related-posts":"","theme-transparent-header-meta":"default","adv-header-id-meta":"","stick-header-meta":"","header-above-stick-meta":"","header-main-stick-meta":"","header-below-stick-meta":"","astra-migrate-meta-layouts":"set","ast-page-background-enabled":"default","ast-page-background-meta":{"desktop":{"background-color":"","background-image":"","background-repeat":"repeat","background-position":"center center","background-size":"auto","background-attachment":"scroll","background-type":"","background-media":"","overlay-type":"","overlay-color":"","overlay-opacity":"","overlay-gradient":""},"tablet":{"background-color":"","background-image":"","background-repeat":"repeat","background-position":"center center","background-size":"auto","background-attachment":"scroll","background-type":"","background-media":"","overlay-type":"","overlay-color":"","overlay-opacity":"","overlay-gradient":""},"mobile":{"background-color":"","background-image":"","background-repeat":"repeat","background-position":"center center","background-size":"auto","background-attachment":"scroll","background-type":"","background-media":"","overlay-type":"","overlay-color":"","overlay-opacity":"","overlay-gradient":""}},"ast-content-background-meta":{"desktop":{"background-color":"var(--ast-global-color-5)","background-image":"","background-repeat":"repeat","background-position":"center center","background-size":"auto","background-attachment":"scroll","background-type":"","background-media":"","overlay-type":"","overlay-color":"","overlay-opacity":"","overlay-gradient":""},"tablet":{"background-color":"var(--ast-global-color-5)","background-image":"","background-repeat":"repeat","background-position":"center center","background-size":"auto","background-attachment":"scroll","background-type":"","background-media":"","overlay-type":"","overlay-color":"","overlay-opacity":"","overlay-gradient":""},"mobile":{"background-color":"var(--ast-global-color-5)","background-image":"","background-repeat":"repeat","background-position":"center center","background-size":"auto","background-attachment":"scroll","background-type":"","background-media":"","overlay-type":"","overlay-color":"","overlay-opacity":"","overlay-gradient":""}}},"product_brand":[33],"product_cat":[29,27,15],"product_tag":[],"class_list":{"0":"post-6832","1":"product","2":"type-product","3":"status-publish","4":"has-post-thumbnail","6":"product_brand-arte-cortado","7":"product_cat-familia-amigos-profes","8":"product_cat-detalles","9":"product_cat-sin-categorizar","10":"desktop-align-center","11":"tablet-align-center","12":"mobile-align-center","14":"first","15":"instock","16":"taxable","17":"shipping-taxable","18":"purchasable","19":"product-type-simple"},"uagb_featured_image_src":{"full":["https:\/\/artecortado.com\/wp-content\/uploads\/2026\/03\/celia_1-1.png",500,500,false],"thumbnail":["https:\/\/artecortado.com\/wp-content\/uploads\/2026\/03\/celia_1-1-150x150.png",150,150,true],"medium":["https:\/\/artecortado.com\/wp-content\/uploads\/2026\/03\/celia_1-1-300x300.png",300,300,true],"medium_large":["https:\/\/artecortado.com\/wp-content\/uploads\/2026\/03\/celia_1-1.png",500,500,false],"large":["https:\/\/artecortado.com\/wp-content\/uploads\/2026\/03\/celia_1-1.png",500,500,false],"1536x1536":["https:\/\/artecortado.com\/wp-content\/uploads\/2026\/03\/celia_1-1.png",500,500,false],"2048x2048":["https:\/\/artecortado.com\/wp-content\/uploads\/2026\/03\/celia_1-1.png",500,500,false],"woocommerce_thumbnail":["https:\/\/artecortado.com\/wp-content\/uploads\/2026\/03\/celia_1-1-300x300.png",300,300,true],"woocommerce_single":["https:\/\/artecortado.com\/wp-content\/uploads\/2026\/03\/celia_1-1.png",500,500,false],"woocommerce_gallery_thumbnail":["https:\/\/artecortado.com\/wp-content\/uploads\/2026\/03\/celia_1-1-100x100.png",100,100,true]},"uagb_author_info":{"display_name":"artecortado","author_link":"https:\/\/artecortado.com\/?author=0"},"uagb_comment_info":0,"uagb_excerpt":"En la parte frontal se graba el nombre de la persona acompa\u00f1ado de un s\u00edmbolo, creando un dise\u00f1o \u00fanico y personal. En la parte trasera se incorpora un c\u00f3digo QR, que permite acceder f\u00e1cilmente a informaci\u00f3n, redes sociales, contacto, un recuerdo digital o cualquier enlace que desees. Es ideal para: Identificaci\u00f3n personal o profesional Mascotas&hellip;","_links":{"self":[{"href":"https:\/\/artecortado.com\/index.php?rest_route=\/wp\/v2\/product\/6832","targetHints":{"allow":["GET"]}}],"collection":[{"href":"https:\/\/artecortado.com\/index.php?rest_route=\/wp\/v2\/product"}],"about":[{"href":"https:\/\/artecortado.com\/index.php?rest_route=\/wp\/v2\/types\/product"}],"replies":[{"embeddable":true,"href":"https:\/\/artecortado.com\/index.php?rest_route=%2Fwp%2Fv2%2Fcomments&post=6832"}],"wp:featuredmedia":[{"embeddable":true,"href":"https:\/\/artecortado.com\/index.php?rest_route=\/wp\/v2\/media\/6828"}],"wp:attachment":[{"href":"https:\/\/artecortado.com\/index.php?rest_route=%2Fwp%2Fv2%2Fmedia&parent=6832"}],"wp:term":[{"taxonomy":"product_brand","embeddable":true,"href":"https:\/\/artecortado.com\/index.php?rest_route=%2Fwp%2Fv2%2Fproduct_brand&post=6832"},{"taxonomy":"product_cat","embeddable":true,"href":"https:\/\/artecortado.com\/index.php?rest_route=%2Fwp%2Fv2%2Fproduct_cat&post=6832"},{"taxonomy":"product_tag","embeddable":true,"href":"https:\/\/artecortado.com\/index.php?rest_route=%2Fwp%2Fv2%2Fproduct_tag&post=6832"}],"curies":[{"name":"wp","href":"https:\/\/api.w.org\/{rel}","templated":true}]}}